{"id":2699,"date":"2022-09-06T07:30:22","date_gmt":"2022-09-06T07:30:22","guid":{"rendered":"https:\/\/www.multitude.nl\/first-decade-down\/"},"modified":"2023-03-09T15:54:22","modified_gmt":"2023-03-09T15:54:22","slug":"first-decade-down","status":"publish","type":"page","link":"https:\/\/www.multitude.nl\/en\/first-decade-down\/","title":{"rendered":"First decade down"},"content":{"rendered":"<section class=\"block text relative \n\">\n    <div class=\"grid-container\">\n        <div class=\"grid-x\">\n\n                            <div class=\"large-9 cell \">\n                    <h2 class=\"h4\">Van de ethische keuze naar de logische keuze <\/h2>\n                <\/div>\n                        \n            <div class=\"large-5 cell \">\n\n                \n                                    <p><span style=\"font-weight: 400;\">Even voorstellen: wij zijn Multitude, het creatieve bureau dat je al 10 jaar kent! Je hebt ons werk voor verschilmakers als Fairphone, Triodos en Marqt ongetwijfeld gezien \u2013 of zelfs gebruikt. Als B Corp agency maken we met <\/span><span style=\"font-weight: 400;\">ethische branding <\/span><span style=\"font-weight: 400;\">al 10 jaar impact voor een nieuwe economie, en daar zijn we trots op. Maar we willen meer. Systeemverandering gaat niet over \u00e9\u00e9n nacht ijs, en daarom gebruiken we dit jubileum om terug te blikken, \u00e9n vooruit.<\/span><\/p>\n                \n                    \n                \n                \n                \n            <\/div>\n\n                        \n                    <div class=\"large-5 cell large-offset-1\">\n\n                        \n                    <\/div>\n\n                \n        <\/div>\n    <\/div>\n<\/section>\n\n<section class=\"block text relative \n\">\n    <div class=\"grid-container\">\n        <div class=\"grid-x\">\n\n                        \n            <div class=\"large-5 cell large-order-2 large-offset-1\">\n\n                                    <div class=\"large-8 cell \">\n                        <h2 class=\"h5\">1<\/h2>   \n                        <p class=\"h3\">Eerlijkheid duurt altijd het langst.<\/p>\n                    <\/div>\n                \n                                    <p><span style=\"font-weight: 400;\">We zagen bij onszelf \u00e9n bij onze opdrachtgevers, dat handelen vanuit <\/span><span style=\"font-weight: 400;\">intrinsieke waarden en dicht bij jezelf blijven altijd loont. Of dat nou nu, morgen, of <\/span><span style=\"font-weight: 400;\">over 10 jaar is.<\/span><\/p>\n                \n                    \n                \n                \n                \n            <\/div>\n\n            \n                    <div class=\"large-6 cell   text-center\">\n\n                                                    <img loading=\"lazy\" decoding=\"async\" width=\"650\" height=\"450\" src=\"https:\/\/www.multitude.nl\/wp-content\/uploads\/2022\/09\/01.gif\" class=\"attachment-large size-large\" alt=\"\" \/>                        \n                    <\/div>\n\n                \n        <\/div>\n    <\/div>\n<\/section>\n\n<section class=\"block text relative \n\">\n    <div class=\"grid-container\">\n        <div class=\"grid-x\">\n\n                        \n            <div class=\"large-5 cell \">\n\n                                    <div class=\"large-8 cell \">\n                        <h2 class=\"h5\">2<\/h2>   \n                        <p class=\"h3\">Futureproof? Geen future zonder proof.<\/p>\n                    <\/div>\n                \n                                    <p><span style=\"font-weight: 400;\">Waar je 10 jaar geleden al een schouderklopje kreeg bij een papieren verpakking in plaats van plastic, komen bedrijven daar nu niet meer mee weg. Lege beloftes en een gebrek aan bewijslast worden niet meer geaccepteerd \u2013 gelukkig maar. Daarom is bewijslast altijd een integraal onderdeel van elke merkstrategie die we ontwikkelen \u2013 en dat blijft zo. Waarom? Het is het enige echte wapen tegen greenwashing. <\/span><!--more--><\/p>\n                \n                    \n                \n                \n                \n            <\/div>\n\n            \n                    <div class=\"large-6 cell large-offset-1  text-center\">\n\n                                                    <img loading=\"lazy\" decoding=\"async\" width=\"650\" height=\"450\" src=\"https:\/\/www.multitude.nl\/wp-content\/uploads\/2022\/09\/02.gif\" class=\"attachment-large size-large\" alt=\"\" \/>                        \n                    <\/div>\n\n                \n        <\/div>\n    <\/div>\n<\/section>\n\n<section class=\"block text relative \n\">\n    <div class=\"grid-container\">\n        <div class=\"grid-x\">\n\n                        \n            <div class=\"large-5 cell large-order-2 large-offset-1\">\n\n                                    <div class=\"large-8 cell \">\n                        <h2 class=\"h5\">3<\/h2>   \n                        <p class=\"h3\">Duurzaam en sociaal ondernemen is geen keuze.<\/p>\n                    <\/div>\n                \n                                    <p><span style=\"font-weight: 400;\">Maar de standaard. Zo moeten we bijvoorbeeld van de term sociaal ondernemen af. Henk Jan Beltman \u2013 CEO van Tony&#8217;s Chocolonely \u2013 zei het al treffend: als je je vuilniszak steeds in de tuin van de buurman zet, ben je asociaal. Doe je dat niet, ben je niet sociaal, maar normaal. <\/span><\/p>\n                \n                    \n                \n                \n                \n            <\/div>\n\n            \n                    <div class=\"large-6 cell   text-center\">\n\n                                                    <img loading=\"lazy\" decoding=\"async\" width=\"650\" height=\"450\" src=\"https:\/\/www.multitude.nl\/wp-content\/uploads\/2022\/09\/03.gif\" class=\"attachment-large size-large\" alt=\"\" \/>                        \n                    <\/div>\n\n                \n        <\/div>\n    <\/div>\n<\/section>\n\n<section class=\"block text relative \n\">\n    <div class=\"grid-container\">\n        <div class=\"grid-x\">\n\n                        \n            <div class=\"large-5 cell \">\n\n                                    <div class=\"large-8 cell \">\n                        <h2 class=\"h5\">4<\/h2>   \n                        <p class=\"h3\">E\u00e9n verschilmaker kan al het verschil maken.<\/p>\n                    <\/div>\n                \n                                    <p><span style=\"font-weight: 400;\">Want merken zoals Fairphone, Marqt, Triodos en SPARK doen het niet alleen voor zichzelf: die laten de hele keten zien dat het anders kan. Wat zij doen, wordt de nieuwe norm. Daarmee versnellen we met onze opdrachtgevers de transitie naar de nieuwe economie. <\/span><\/p>\n                \n                    \n                \n                \n                \n            <\/div>\n\n            \n                    <div class=\"large-6 cell large-offset-1  text-center\">\n\n                                                    <img loading=\"lazy\" decoding=\"async\" width=\"650\" height=\"450\" src=\"https:\/\/www.multitude.nl\/wp-content\/uploads\/2022\/09\/04-2.gif\" class=\"attachment-large size-large\" alt=\"\" \/>                        \n                    <\/div>\n\n                \n        <\/div>\n    <\/div>\n<\/section>\n\n<section class=\"block text relative \n\">\n    <div class=\"grid-container\">\n        <div class=\"grid-x\">\n\n                        \n            <div class=\"large-5 cell large-order-2 large-offset-1\">\n\n                                    <div class=\"large-8 cell \">\n                        <h2 class=\"h5\">5<\/h2>   \n                        <p class=\"h3\">Geen branding zonder strategische wortels.<\/p>\n                    <\/div>\n                \n                                    <p><span style=\"font-weight: 400;\">Goede idee\u00ebn en initiatieven verdienen het om goed uitgedacht te worden. Zo verankeren ze zichzelf in de nieuwe economie. Onze strategie legt een sterk fundament onder de verschilmakers van morgen. Ook over 10 jaar weten we namelijk dat een goede basis, nog steeds de baas is. <\/span><\/p>\n                \n                    \n                \n                \n                \n            <\/div>\n\n            \n                    <div class=\"large-6 cell   text-center\">\n\n                                                    <img loading=\"lazy\" decoding=\"async\" width=\"650\" height=\"450\" src=\"https:\/\/www.multitude.nl\/wp-content\/uploads\/2022\/09\/05.gif\" class=\"attachment-large size-large\" alt=\"\" \/>                        \n                    <\/div>\n\n                \n        <\/div>\n    <\/div>\n<\/section>\n\n<section class=\"block text relative \n\">\n    <div class=\"grid-container\">\n        <div class=\"grid-x\">\n\n                        \n            <div class=\"large-5 cell \">\n\n                                    <div class=\"large-8 cell \">\n                        <h2 class=\"h5\">6<\/h2>   \n                        <p class=\"h3\">De route van A tot Z, niet van A tot B.<\/p>\n                    <\/div>\n                \n                                    <p><span style=\"font-weight: 400;\">Kun je je plek in de nieuwe economie veroveren met alleen een nieuwe website, alleen een nieuwe strategie, of alleen een campagne? Natuurlijk niet. Daarom maken we alles van A tot Z, van merkstrategie tot website, van visuele identiteit tot campagne. Daarmee kun je vooruit, <a href=\"https:\/\/www.multitude.nl\/werk\/\">kijk maar<\/a>.<\/span><\/p>\n                \n                    \n                \n                \n                \n            <\/div>\n\n            \n                    <div class=\"large-6 cell large-offset-1  text-center\">\n\n                                                    <img loading=\"lazy\" decoding=\"async\" width=\"650\" height=\"450\" src=\"https:\/\/www.multitude.nl\/wp-content\/uploads\/2022\/09\/06.gif\" class=\"attachment-large size-large\" alt=\"\" \/>                        \n                    <\/div>\n\n                \n        <\/div>\n    <\/div>\n<\/section>\n\n<section class=\"block text relative \n\">\n    <div class=\"grid-container\">\n        <div class=\"grid-x\">\n\n                        \n            <div class=\"large-5 cell large-order-2 large-offset-1\">\n\n                                    <div class=\"large-8 cell \">\n                        <h2 class=\"h5\">7<\/h2>   \n                        <p class=\"h3\">Ontwerpen doe je voor alle zintuigen.<\/p>\n                    <\/div>\n                \n                                    <p><span style=\"font-weight: 400;\">Goede branding is meer dan alleen een visueel plaatje. Het raakt, het inspireert, het zet aan tot actie. Dus gaan we de komende tijd een multi-zintuiglijke brand experience neerzetten, waarin we alle zintuigen prikkelen &#8211; zien, maar ook horen, ruiken, voelen, proeven. Wacht maar af! <\/span><\/p>\n                \n                    \n                \n                \n                \n            <\/div>\n\n            \n                    <div class=\"large-6 cell   text-center\">\n\n                                                    <img loading=\"lazy\" decoding=\"async\" width=\"650\" height=\"450\" src=\"https:\/\/www.multitude.nl\/wp-content\/uploads\/2022\/09\/07-2.gif\" class=\"attachment-large size-large\" alt=\"\" \/>                        \n                    <\/div>\n\n                \n        <\/div>\n    <\/div>\n<\/section>\n\n<section class=\"block text relative \n\">\n    <div class=\"grid-container\">\n        <div class=\"grid-x\">\n\n                        \n            <div class=\"large-5 cell \">\n\n                                    <div class=\"large-8 cell \">\n                        <h2 class=\"h5\">8<\/h2>   \n                        <p class=\"h3\">Radicale keuzes voor een radicaal nieuwe economie. <\/p>\n                    <\/div>\n                \n                                    <p><span style=\"font-weight: 400;\">De wereld verandert. En snel. Dus kan het niet ethisch? Dan doen we het niet. Zo<\/span><span style=\"font-weight: 400;\"> lieten we ons al B Corp certificeren en gaan we de komende tijd een ethische marketingmethode ontwikkelen.<\/span><\/p>\n                \n                    \n                \n                \n                \n            <\/div>\n\n            \n                    <div class=\"large-6 cell large-offset-1  text-center\">\n\n                                                    <img loading=\"lazy\" decoding=\"async\" width=\"650\" height=\"450\" src=\"https:\/\/www.multitude.nl\/wp-content\/uploads\/2022\/09\/08-2.gif\" class=\"attachment-large size-large\" alt=\"\" \/>                        \n                    <\/div>\n\n                \n        <\/div>\n    <\/div>\n<\/section>\n\n<section class=\"block text relative \n\">\n    <div class=\"grid-container\">\n        <div class=\"grid-x\">\n\n                        \n            <div class=\"large-5 cell large-order-2 large-offset-1\">\n\n                                    <div class=\"large-8 cell \">\n                        <h2 class=\"h5\">9<\/h2>   \n                        <p class=\"h3\">The inconvenient truth heeft goede branding nodig.<\/p>\n                    <\/div>\n                \n                                    <p><span style=\"font-weight: 400;\">De transities zijn niet mals en het tempo ligt te laag. Gelukkig jagen ethische organisaties consumenten en overheden aan om de knop om te zetten. Des te belangrijker dat branding doeltreffend en toegankelijk blijft. No worries: daar zijn wij voor. <\/span><\/p>\n                \n                    \n                \n                \n                \n            <\/div>\n\n            \n                    <div class=\"large-6 cell   text-center\">\n\n                                                    <img loading=\"lazy\" decoding=\"async\" width=\"650\" height=\"450\" src=\"https:\/\/www.multitude.nl\/wp-content\/uploads\/2022\/09\/09.gif\" class=\"attachment-large size-large\" alt=\"\" \/>                        \n                    <\/div>\n\n                \n        <\/div>\n    <\/div>\n<\/section>\n\n<section class=\"block text relative \n\">\n    <div class=\"grid-container\">\n        <div class=\"grid-x\">\n\n                        \n            <div class=\"large-5 cell \">\n\n                                    <div class=\"large-8 cell \">\n                        <h2 class=\"h5\">10<\/h2>   \n                        <p class=\"h3\">Bubbels zijn er om te doorbreken.<\/p>\n                    <\/div>\n                \n                                    <p><span style=\"font-weight: 400;\">In 2025 werken we daarom voor alle SDG\u2019s. <\/span><span style=\"font-weight: 400;\">Bold statement, maar er zijn genoeg transities die door impasses heen kunnen breken met een flinke dosis strategie en creatie. <\/span><span style=\"font-weight: 400;\">Na 161 verschilmakers in 21 sectoren, gaan we met <\/span><span style=\"font-weight: 400;\">het SDG House in kaart brengen hoe we daar zo snel mogelijk alle SDG\u2019s van kunnen maken. <\/span><\/p>\n                \n                    \n                \n                \n                \n            <\/div>\n\n            \n                    <div class=\"large-6 cell large-offset-1  text-center\">\n\n                                                    <img loading=\"lazy\" decoding=\"async\" width=\"650\" height=\"450\" src=\"https:\/\/www.multitude.nl\/wp-content\/uploads\/2022\/09\/10-2.gif\" class=\"attachment-large size-large\" alt=\"\" \/>                        \n                    <\/div>\n\n                \n        <\/div>\n    <\/div>\n<\/section>\n\n\n\n<section class=\"block cta background relative other\" style=\"background-color: #e95e2b\">\n    <div class=\"grid-container\">\n        <div class=\"grid-x grid-margin-x grid-margin-y\">\n\t\t\t<div class=\"cell medium-7\">\n\t\t\t\t\t\t\t\t<h2 class=\"h3\">\n\t\t\t\t\tNieuwsgierig naar meer?\t\t\t\t<\/h2>\n\t\t\t\t\t\t\t\t\t\t\t\t<p class=\"xl-lead\">We delen graag onze kennis.<\/p>\n\t\t\t\t\t\t\t\t\t\t\t\t<a class=\"button\" href=\"mailto:rozemarijn@multitude.nl\" target=\"_self\">Mail ons<\/a>\n\t\t\t\t\t\t\t<\/div>\n\t\t\t<div class=\"cell medium-5 bottom-right\">\n\t\t\t\t\t\t\t<\/div>\n        <\/div>\n    <\/div>\n<\/section>\n","protected":false},"excerpt":{"rendered":"","protected":false},"author":4,"featured_media":0,"parent":0,"menu_order":0,"comment_status":"closed","ping_status":"closed","template":"","meta":{"_acf_changed":false,"inline_featured_image":false,"footnotes":""},"class_list":["post-2699","page","type-page","status-publish","hentry"],"acf":[],"yoast_head":"<!-- This site is optimized with the Yoast SEO plugin v27.5 - https:\/\/yoast.com\/product\/yoast-seo-wordpress\/ -->\n<title>First decade down<\/title>\n<meta name=\"description\" content=\"Als B Corp agency maken we met ethische branding al 10 jaar impact voor een nieuwe economie, en daar zijn we trots op. Maar we willen meer. Systeemverandering gaat niet over \u00e9\u00e9n nacht ijs, en daarom gebruiken we dit jubileum om terug te blikken, \u00e9n vooruit.\" \/>\n<meta name=\"robots\" content=\"index, follow, max-snippet:-1, max-image-preview:large, max-video-preview:-1\" \/>\n<link rel=\"canonical\" href=\"https:\/\/www.multitude.nl\/en\/first-decade-down\/\" \/>\n<meta property=\"og:locale\" content=\"en_US\" \/>\n<meta property=\"og:type\" content=\"article\" \/>\n<meta property=\"og:title\" content=\"First decade down\" \/>\n<meta property=\"og:description\" content=\"Als B Corp agency maken we met ethische branding al 10 jaar impact voor een nieuwe economie, en daar zijn we trots op. Maar we willen meer. Systeemverandering gaat niet over \u00e9\u00e9n nacht ijs, en daarom gebruiken we dit jubileum om terug te blikken, \u00e9n vooruit.\" \/>\n<meta property=\"og:url\" content=\"https:\/\/www.multitude.nl\/en\/first-decade-down\/\" \/>\n<meta property=\"og:site_name\" content=\"Multitude\" \/>\n<meta property=\"article:modified_time\" content=\"2023-03-09T15:54:22+00:00\" \/>\n<meta name=\"twitter:card\" content=\"summary_large_image\" \/>\n<script type=\"application\/ld+json\" class=\"yoast-schema-graph\">{\"@context\":\"https:\\\/\\\/schema.org\",\"@graph\":[{\"@type\":\"WebPage\",\"@id\":\"https:\\\/\\\/www.multitude.nl\\\/en\\\/first-decade-down\\\/\",\"url\":\"https:\\\/\\\/www.multitude.nl\\\/en\\\/first-decade-down\\\/\",\"name\":\"First decade down\",\"isPartOf\":{\"@id\":\"https:\\\/\\\/www.multitude.nl\\\/en\\\/#website\"},\"datePublished\":\"2022-09-06T07:30:22+00:00\",\"dateModified\":\"2023-03-09T15:54:22+00:00\",\"description\":\"Als B Corp agency maken we met ethische branding al 10 jaar impact voor een nieuwe economie, en daar zijn we trots op. Maar we willen meer. Systeemverandering gaat niet over \u00e9\u00e9n nacht ijs, en daarom gebruiken we dit jubileum om terug te blikken, \u00e9n vooruit.\",\"breadcrumb\":{\"@id\":\"https:\\\/\\\/www.multitude.nl\\\/en\\\/first-decade-down\\\/#breadcrumb\"},\"inLanguage\":\"en-US\",\"potentialAction\":[{\"@type\":\"ReadAction\",\"target\":[\"https:\\\/\\\/www.multitude.nl\\\/en\\\/first-decade-down\\\/\"]}]},{\"@type\":\"BreadcrumbList\",\"@id\":\"https:\\\/\\\/www.multitude.nl\\\/en\\\/first-decade-down\\\/#breadcrumb\",\"itemListElement\":[{\"@type\":\"ListItem\",\"position\":1,\"name\":\"Home\",\"item\":\"https:\\\/\\\/www.multitude.nl\\\/en\\\/\"},{\"@type\":\"ListItem\",\"position\":2,\"name\":\"First decade down\"}]},{\"@type\":\"WebSite\",\"@id\":\"https:\\\/\\\/www.multitude.nl\\\/en\\\/#website\",\"url\":\"https:\\\/\\\/www.multitude.nl\\\/en\\\/\",\"name\":\"Multitude\",\"description\":\"We are Multitude\",\"publisher\":{\"@id\":\"https:\\\/\\\/www.multitude.nl\\\/en\\\/#organization\"},\"potentialAction\":[{\"@type\":\"SearchAction\",\"target\":{\"@type\":\"EntryPoint\",\"urlTemplate\":\"https:\\\/\\\/www.multitude.nl\\\/en\\\/?s={search_term_string}\"},\"query-input\":{\"@type\":\"PropertyValueSpecification\",\"valueRequired\":true,\"valueName\":\"search_term_string\"}}],\"inLanguage\":\"en-US\"},{\"@type\":\"Organization\",\"@id\":\"https:\\\/\\\/www.multitude.nl\\\/en\\\/#organization\",\"name\":\"Multitude\",\"url\":\"https:\\\/\\\/www.multitude.nl\\\/en\\\/\",\"logo\":{\"@type\":\"ImageObject\",\"inLanguage\":\"en-US\",\"@id\":\"https:\\\/\\\/www.multitude.nl\\\/en\\\/#\\\/schema\\\/logo\\\/image\\\/\",\"url\":\"https:\\\/\\\/www.multitude.nl\\\/wp-content\\\/uploads\\\/2022\\\/01\\\/logo.svg\",\"contentUrl\":\"https:\\\/\\\/www.multitude.nl\\\/wp-content\\\/uploads\\\/2022\\\/01\\\/logo.svg\",\"caption\":\"Multitude\"},\"image\":{\"@id\":\"https:\\\/\\\/www.multitude.nl\\\/en\\\/#\\\/schema\\\/logo\\\/image\\\/\"}}]}<\/script>\n<!-- \/ Yoast SEO plugin. -->","yoast_head_json":{"title":"First decade down","description":"Als B Corp agency maken we met ethische branding al 10 jaar impact voor een nieuwe economie, en daar zijn we trots op. Maar we willen meer. Systeemverandering gaat niet over \u00e9\u00e9n nacht ijs, en daarom gebruiken we dit jubileum om terug te blikken, \u00e9n vooruit.","robots":{"index":"index","follow":"follow","max-snippet":"max-snippet:-1","max-image-preview":"max-image-preview:large","max-video-preview":"max-video-preview:-1"},"canonical":"https:\/\/www.multitude.nl\/en\/first-decade-down\/","og_locale":"en_US","og_type":"article","og_title":"First decade down","og_description":"Als B Corp agency maken we met ethische branding al 10 jaar impact voor een nieuwe economie, en daar zijn we trots op. Maar we willen meer. Systeemverandering gaat niet over \u00e9\u00e9n nacht ijs, en daarom gebruiken we dit jubileum om terug te blikken, \u00e9n vooruit.","og_url":"https:\/\/www.multitude.nl\/en\/first-decade-down\/","og_site_name":"Multitude","article_modified_time":"2023-03-09T15:54:22+00:00","twitter_card":"summary_large_image","schema":{"@context":"https:\/\/schema.org","@graph":[{"@type":"WebPage","@id":"https:\/\/www.multitude.nl\/en\/first-decade-down\/","url":"https:\/\/www.multitude.nl\/en\/first-decade-down\/","name":"First decade down","isPartOf":{"@id":"https:\/\/www.multitude.nl\/en\/#website"},"datePublished":"2022-09-06T07:30:22+00:00","dateModified":"2023-03-09T15:54:22+00:00","description":"Als B Corp agency maken we met ethische branding al 10 jaar impact voor een nieuwe economie, en daar zijn we trots op. Maar we willen meer. Systeemverandering gaat niet over \u00e9\u00e9n nacht ijs, en daarom gebruiken we dit jubileum om terug te blikken, \u00e9n vooruit.","breadcrumb":{"@id":"https:\/\/www.multitude.nl\/en\/first-decade-down\/#breadcrumb"},"inLanguage":"en-US","potentialAction":[{"@type":"ReadAction","target":["https:\/\/www.multitude.nl\/en\/first-decade-down\/"]}]},{"@type":"BreadcrumbList","@id":"https:\/\/www.multitude.nl\/en\/first-decade-down\/#breadcrumb","itemListElement":[{"@type":"ListItem","position":1,"name":"Home","item":"https:\/\/www.multitude.nl\/en\/"},{"@type":"ListItem","position":2,"name":"First decade down"}]},{"@type":"WebSite","@id":"https:\/\/www.multitude.nl\/en\/#website","url":"https:\/\/www.multitude.nl\/en\/","name":"Multitude","description":"We are Multitude","publisher":{"@id":"https:\/\/www.multitude.nl\/en\/#organization"},"potentialAction":[{"@type":"SearchAction","target":{"@type":"EntryPoint","urlTemplate":"https:\/\/www.multitude.nl\/en\/?s={search_term_string}"},"query-input":{"@type":"PropertyValueSpecification","valueRequired":true,"valueName":"search_term_string"}}],"inLanguage":"en-US"},{"@type":"Organization","@id":"https:\/\/www.multitude.nl\/en\/#organization","name":"Multitude","url":"https:\/\/www.multitude.nl\/en\/","logo":{"@type":"ImageObject","inLanguage":"en-US","@id":"https:\/\/www.multitude.nl\/en\/#\/schema\/logo\/image\/","url":"https:\/\/www.multitude.nl\/wp-content\/uploads\/2022\/01\/logo.svg","contentUrl":"https:\/\/www.multitude.nl\/wp-content\/uploads\/2022\/01\/logo.svg","caption":"Multitude"},"image":{"@id":"https:\/\/www.multitude.nl\/en\/#\/schema\/logo\/image\/"}}]}},"_links":{"self":[{"href":"https:\/\/www.multitude.nl\/en\/wp-json\/wp\/v2\/pages\/2699","targetHints":{"allow":["GET"]}}],"collection":[{"href":"https:\/\/www.multitude.nl\/en\/wp-json\/wp\/v2\/pages"}],"about":[{"href":"https:\/\/www.multitude.nl\/en\/wp-json\/wp\/v2\/types\/page"}],"author":[{"embeddable":true,"href":"https:\/\/www.multitude.nl\/en\/wp-json\/wp\/v2\/users\/4"}],"replies":[{"embeddable":true,"href":"https:\/\/www.multitude.nl\/en\/wp-json\/wp\/v2\/comments?post=2699"}],"version-history":[{"count":0,"href":"https:\/\/www.multitude.nl\/en\/wp-json\/wp\/v2\/pages\/2699\/revisions"}],"wp:attachment":[{"href":"https:\/\/www.multitude.nl\/en\/wp-json\/wp\/v2\/media?parent=2699"}],"curies":[{"name":"wp","href":"https:\/\/api.w.org\/{rel}","templated":true}]}}